{"id":192,"date":"2020-08-09T13:21:22","date_gmt":"2020-08-09T13:21:22","guid":{"rendered":"https:\/\/eventoswelove.es\/?page_id=192"},"modified":"2025-07-23T21:22:40","modified_gmt":"2025-07-23T21:22:40","slug":"contacto","status":"publish","type":"page","link":"https:\/\/eventoswelove.es\/?page_id=192","title":{"rendered":"Contacto"},"content":{"rendered":"\t\t<div data-elementor-type=\"wp-page\" data-elementor-id=\"192\" class=\"elementor elementor-192\" data-elementor-post-type=\"page\">\n\t\t\t\t<div class=\"aux-parallax-section elementor-element elementor-element-6d9f0ba e-flex e-con-boxed e-con e-parent\" data-id=\"6d9f0ba\" data-element_type=\"container\">\n\t\t\t\t\t<div class=\"e-con-inner\">\n\t\t<div class=\"elementor-element elementor-element-87dbd02 aux-appear-watch-animation aux-fade-in-down-2 e-con-full e-flex e-con e-child\" data-id=\"87dbd02\" data-element_type=\"container\">\n\t\t\t\t<div class=\"elementor-element elementor-element-8828d2c elementor-widget-mobile__width-auto elementor-widget elementor-widget-aux_icon_list\" data-id=\"8828d2c\" data-element_type=\"widget\" data-widget_type=\"aux_icon_list.default\">\n\t\t\t\t<div class=\"elementor-widget-container\">\n\t\t\t\t\t<section class=\"widget-container aux-widget-icon-list aux-parent-au3e955d27\"><div class=\"widget-inner\"><div class=\"aux-widget-icon-list-inner\"><ul class=\"aux-icon-list-items aux-direction-default\"><li class=\"aux-icon-list-item aux-list-item-has-icon aux-icon-list-item-4e4bc88 elementor-repeater-item-4e4bc88\"><i aria-hidden=\"true\" class=\"aux-icon-list-icon auxicon auxicon-twitter\"><\/i><\/li><li class=\"aux-icon-list-item aux-list-item-has-icon aux-icon-list-item-9b85cff elementor-repeater-item-9b85cff\"><i aria-hidden=\"true\" class=\"aux-icon-list-icon fab fa-instagram\"><\/i><\/li><li class=\"aux-icon-list-item aux-list-item-has-icon aux-icon-list-item-0519d3a elementor-repeater-item-0519d3a\"><i aria-hidden=\"true\" class=\"aux-icon-list-icon fab fa-facebook-f\"><\/i><\/li><li class=\"aux-icon-list-item aux-list-item-has-icon aux-icon-list-item-8325dc3 elementor-repeater-item-8325dc3\"><i aria-hidden=\"true\" class=\"aux-icon-list-icon fab fa-linkedin-in\"><\/i><\/li><\/ul><\/div><\/div><\/section><!-- widget-container -->\t\t\t\t<\/div>\n\t\t\t\t<\/div>\n\t\t\t\t<\/div>\n\t\t<div class=\"elementor-element elementor-element-72a978f e-con-full e-flex e-con e-child\" data-id=\"72a978f\" data-element_type=\"container\">\n\t\t\t\t<div class=\"elementor-element elementor-element-508801e aux-appear-watch-animation aux-slide-from-bot elementor-widget__width-inherit elementor-widget elementor-widget-aux_modern_heading\" data-id=\"508801e\" data-element_type=\"widget\" data-widget_type=\"aux_modern_heading.default\">\n\t\t\t\t<div class=\"elementor-widget-container\">\n\t\t\t\t\t<section class=\"aux-widget-modern-heading\">\n            <div class=\"aux-widget-inner\"><h3 class=\"aux-modern-heading-primary\">\u00bfDeseas contratar alg\u00fan evento en tu  ciudad? Escr\u00edbenos.<\/h3><\/div>\n        <\/section>\t\t\t\t<\/div>\n\t\t\t\t<\/div>\n\t\t\t\t<div class=\"elementor-element elementor-element-d6f207e elementor-widget__width-auto aux-appear-watch-animation aux-fade-in-right-1 elementor-widget elementor-widget-aux_modern_heading\" data-id=\"d6f207e\" data-element_type=\"widget\" data-widget_type=\"aux_modern_heading.default\">\n\t\t\t\t<div class=\"elementor-widget-container\">\n\t\t\t\t\t<section class=\"aux-widget-modern-heading\">\n            <div class=\"aux-widget-inner\"><h6 class=\"aux-modern-heading-primary\">Tel\u00e9fono:<\/h6><div class=\"aux-modern-heading-description\"><p>+34 673 09 33 37<\/p><\/div><\/div>\n        <\/section>\t\t\t\t<\/div>\n\t\t\t\t<\/div>\n\t\t\t\t<div class=\"elementor-element elementor-element-c743248 elementor-widget__width-auto aux-appear-watch-animation aux-fade-in-right-1 elementor-widget elementor-widget-aux_modern_heading\" data-id=\"c743248\" data-element_type=\"widget\" data-widget_type=\"aux_modern_heading.default\">\n\t\t\t\t<div class=\"elementor-widget-container\">\n\t\t\t\t\t<section class=\"aux-widget-modern-heading\">\n            <div class=\"aux-widget-inner\"><h6 class=\"aux-modern-heading-primary\">Email:<\/h6><div class=\"aux-modern-heading-description\"><p>Info@eventoswelove.es<br \/>produccion@eventoswelove.es<\/p><\/div><\/div>\n        <\/section>\t\t\t\t<\/div>\n\t\t\t\t<\/div>\n\t\t\t\t<div class=\"elementor-element elementor-element-f1af21c elementor-widget elementor-widget-aux_simple_svg\" data-id=\"f1af21c\" data-element_type=\"widget\" data-widget_type=\"aux_simple_svg.default\">\n\t\t\t\t<div class=\"elementor-widget-container\">\n\t\t\t\t\t    <div class=\"aux-widget-container aux-simple-svg-container\">\n        <div class=\"aux-widget-container-inner\">\n            <div class=\"aux-the-svg\"><img decoding=\"async\" src=\"https:\/\/eventoswelove.es\/wp-content\/uploads\/2020\/07\/Path-14.svg\" title=\"demo-attachment-16-Path-14\" alt=\"demo-attachment-16-Path-14\" loading=\"lazy\" \/><\/div>\n        <\/div>\n    <\/div>\n    \t\t\t\t<\/div>\n\t\t\t\t<\/div>\n\t\t\t\t<\/div>\n\t\t<div class=\"elementor-element elementor-element-cc9153f e-con-full e-flex e-con e-child\" data-id=\"cc9153f\" data-element_type=\"container\">\n\t\t\t\t<div class=\"elementor-element elementor-element-8bb7a76 aux-appear-watch-animation aux-fade-in-up-2 elementor-widget elementor-widget-aux_contact_form\" data-id=\"8bb7a76\" data-element_type=\"widget\" data-widget_type=\"aux_contact_form.default\">\n\t\t\t\t<div class=\"elementor-widget-container\">\n\t\t\t\t\t<section class=\"widget-container aux-widget-contact-form aux-parent-au89f763dd\">            <div class=\"aux-col-wrapper aux-no-gutter\">\n            <!-- @TODO - The output for element here -->\n\n            \n<div class=\"wpcf7 no-js\" id=\"wpcf7-f72-o1\" lang=\"en-US\" dir=\"ltr\" data-wpcf7-id=\"72\">\n<div class=\"screen-reader-response\"><p role=\"status\" aria-live=\"polite\" aria-atomic=\"true\"><\/p> <ul><\/ul><\/div>\n<form action=\"\/index.php?rest_route=%2Fwp%2Fv2%2Fpages%2F192#wpcf7-f72-o1\" method=\"post\" class=\"wpcf7-form init\" aria-label=\"Contact form\" novalidate=\"novalidate\" data-status=\"init\">\n<fieldset class=\"hidden-fields-container\"><input type=\"hidden\" name=\"_wpcf7\" value=\"72\" \/><input type=\"hidden\" name=\"_wpcf7_version\" value=\"6.1\" \/><input type=\"hidden\" name=\"_wpcf7_locale\" value=\"en_US\" \/><input type=\"hidden\" name=\"_wpcf7_unit_tag\" value=\"wpcf7-f72-o1\" \/><input type=\"hidden\" name=\"_wpcf7_container_post\" value=\"0\" \/><input type=\"hidden\" name=\"_wpcf7_posted_data_hash\" value=\"\" \/>\n<\/fieldset>\n<div class=\"aux-music-dj-contact-form\">\n    <div class=\"aux-input-group\">\n            <span class=\"wpcf7-form-control-wrap\" data-name=\"your-name\"><input size=\"40\" maxlength=\"400\" class=\"wpcf7-form-control wpcf7-text wpcf7-validates-as-required\" aria-required=\"true\" aria-invalid=\"false\" placeholder=\"Escribe tu Nombre\" value=\"\" type=\"text\" name=\"your-name\" \/><\/span>\n            <span class=\"wpcf7-form-control-wrap\" data-name=\"your-number\"><input size=\"40\" maxlength=\"400\" class=\"wpcf7-form-control wpcf7-text wpcf7-validates-as-required\" aria-required=\"true\" aria-invalid=\"false\" placeholder=\"Tu n\u00famero de Tel\u00e9fono\" value=\"\" type=\"text\" name=\"your-number\" \/><\/span>\n    <\/div>\n    <div class=\"aux-email\">\n            <span class=\"wpcf7-form-control-wrap\" data-name=\"your-email\"><input size=\"40\" maxlength=\"400\" class=\"wpcf7-form-control wpcf7-email wpcf7-validates-as-required wpcf7-text wpcf7-validates-as-email\" aria-required=\"true\" aria-invalid=\"false\" placeholder=\"Tu E-mail\" value=\"\" type=\"email\" name=\"your-email\" \/><\/span>\n    <\/div>\n    <div class=\"aux-textarea\">\n            <span class=\"wpcf7-form-control-wrap\" data-name=\"your-message\"><textarea cols=\"40\" rows=\"10\" maxlength=\"2000\" class=\"wpcf7-form-control wpcf7-textarea\" aria-invalid=\"false\" placeholder=\"Habla de tu proyecto\" name=\"your-message\"><\/textarea><\/span> \n    <\/div>\n    <div class=\"aux-music-dj-form-submit\">\n<span class=\"wpcf7-form-control-wrap\" data-name=\"acceptance-667\"><span class=\"wpcf7-form-control wpcf7-acceptance\"><span class=\"wpcf7-list-item\"><label><input type=\"checkbox\" name=\"acceptance-667\" value=\"1\" aria-invalid=\"false\" \/><span class=\"wpcf7-list-item-label\">Al enviar el formulario aceptas la <a href=\"https:\/\/eventoswelove.es\/?page_id=400\">pol\u00edtica de privacidad<\/a>.<\/span><\/label><\/span><\/span><\/span>\n<input class=\"wpcf7-form-control wpcf7-submit has-spinner\" type=\"submit\" value=\"Enviar\" \/>\n    <\/div>\n<\/div><div class=\"wpcf7-response-output\" aria-hidden=\"true\"><\/div>\n<\/form>\n<\/div>\n\n\n            <\/div><!-- aux-col-wrapper -->\n    <\/section><!-- widget-container -->\t\t\t\t<\/div>\n\t\t\t\t<\/div>\n\t\t\t\t<\/div>\n\t\t\t\t\t<\/div>\n\t\t\t\t<\/div>\n\t\t\t\t<\/div>\n\t\t","protected":false},"excerpt":{"rendered":"<p>\u00bfDeseas contratar alg\u00fan evento en tu ciudad? Escr\u00edbenos. Tel\u00e9fono: +34 673 09 33 37 Email: Info@eventoswelove.esproduccion@eventoswelove.es<\/p>\n","protected":false},"author":1,"featured_media":0,"parent":0,"menu_order":0,"comment_status":"closed","ping_status":"closed","template":"templates\/page-builder-content.php","meta":{"footnotes":""},"class_list":["post-192","page","type-page","status-publish","hentry"],"_links":{"self":[{"href":"https:\/\/eventoswelove.es\/index.php?rest_route=\/wp\/v2\/pages\/192","targetHints":{"allow":["GET"]}}],"collection":[{"href":"https:\/\/eventoswelove.es\/index.php?rest_route=\/wp\/v2\/pages"}],"about":[{"href":"https:\/\/eventoswelove.es\/index.php?rest_route=\/wp\/v2\/types\/page"}],"author":[{"embeddable":true,"href":"https:\/\/eventoswelove.es\/index.php?rest_route=\/wp\/v2\/users\/1"}],"replies":[{"embeddable":true,"href":"https:\/\/eventoswelove.es\/index.php?rest_route=%2Fwp%2Fv2%2Fcomments&post=192"}],"version-history":[{"count":4,"href":"https:\/\/eventoswelove.es\/index.php?rest_route=\/wp\/v2\/pages\/192\/revisions"}],"predecessor-version":[{"id":371,"href":"https:\/\/eventoswelove.es\/index.php?rest_route=\/wp\/v2\/pages\/192\/revisions\/371"}],"wp:attachment":[{"href":"https:\/\/eventoswelove.es\/index.php?rest_route=%2Fwp%2Fv2%2Fmedia&parent=192"}],"curies":[{"name":"wp","href":"https:\/\/api.w.org\/{rel}","templated":true}]}}