{"id":356,"date":"2025-07-23T20:43:54","date_gmt":"2025-07-23T20:43:54","guid":{"rendered":"https:\/\/eventoswelove.es\/?page_id=356"},"modified":"2025-07-28T19:19:36","modified_gmt":"2025-07-28T19:19:36","slug":"we-love-xperience-9000","status":"publish","type":"page","link":"https:\/\/eventoswelove.es\/?page_id=356","title":{"rendered":"We Love XPERIENCE 90&#038;00"},"content":{"rendered":"\t\t<div data-elementor-type=\"wp-page\" data-elementor-id=\"356\" class=\"elementor elementor-356\" data-elementor-post-type=\"page\">\n\t\t\t\t<div class=\"aux-parallax-section elementor-element elementor-element-305dbfb e-flex e-con-boxed e-con e-parent\" data-id=\"305dbfb\" data-element_type=\"container\" data-settings=\"{&quot;background_background&quot;:&quot;classic&quot;}\">\n\t\t\t\t\t<div class=\"e-con-inner\">\n\t\t<div class=\"elementor-element elementor-element-3857297 e-con-full e-flex e-con e-child\" data-id=\"3857297\" data-element_type=\"container\">\n\t\t\t\t<div class=\"elementor-element elementor-element-6c9278c aux-appear-watch-animation aux-fade-in-up elementor-widget elementor-widget-aux_breadcrumbs\" data-id=\"6c9278c\" data-element_type=\"widget\" data-widget_type=\"aux_breadcrumbs.default\">\n\t\t\t\t<div class=\"elementor-widget-container\">\n\t\t\t\t\t<div class=\"aux-elementor-breadcrumbs\"><p class=\"aux-breadcrumbs\"><span><a href=\"https:\/\/eventoswelove.es\" title=\"Home\">Home<\/a><\/span><\/div>\t\t\t\t<\/div>\n\t\t\t\t<\/div>\n\t\t\t\t<div class=\"elementor-element elementor-element-bd6490d elementor-widget elementor-widget-aux_modern_heading\" data-id=\"bd6490d\" data-element_type=\"widget\" data-widget_type=\"aux_modern_heading.default\">\n\t\t\t\t<div class=\"elementor-widget-container\">\n\t\t\t\t\t<section class=\"aux-widget-modern-heading\">\n            <div class=\"aux-widget-inner\"><h2 class=\"aux-modern-heading-primary\"><img decoding=\"async\" src=\"https:\/\/eventoswelove.es\/wp-content\/uploads\/2025\/07\/xexperience.png\" width=\"100\" height=\"100\" alt=\"Logo la Fiesta\"> We Love XPERIENCE 90&amp;00 <\/h2><h3 class=\"aux-modern-heading-secondary\"><span class=\"aux-head-highlight\">la fiesta que revive la adolescencia<\/span><\/h3><div class=\"aux-modern-heading-divider\"><\/div><div class=\"aux-modern-heading-description\"><p style=\"text-align: left\">Una nueva forma de disfrutar los shows musicales, vitalidad y creatividad en estado puro.<br \/>La fusi\u00f3n musical y art\u00edstica da como resultado un espect\u00e1culo \u00fanico. Un show que mezcla Pop, Indie, Rock, House, electr\u00f3nica, donde nuestro p\u00fablico se transportar\u00e1 a las mejores \u00e9pocas musicales. M\u00fasicos, cantantes, bailarines, DJ\u2019s har\u00e1n de este Show la experiencia m\u00e1s exclusiva.<\/p><p style=\"text-align: left\">Un viaje por el tiempo, dirigido a todo tipo de p\u00fablico, pasando por diferentes estilos musicales, desde los 90 hasta el dance m\u00e1s actual, en todo momento acompa\u00f1ado por el beat del DJ.<br \/>Un espect\u00e1culo ideal para teatros, salas, festivales y eventos privados.<\/p><\/div><\/div>\n        <\/section>\t\t\t\t<\/div>\n\t\t\t\t<\/div>\n\t\t\t\t<div class=\"elementor-element elementor-element-256b5d8 aux-appear-watch-animation aux-fade-in-up elementor-widget elementor-widget-aux_recent_news_grid\" data-id=\"256b5d8\" data-element_type=\"widget\" data-settings=\"{&quot;columns&quot;:&quot;3&quot;,&quot;columns_tablet&quot;:&quot;2&quot;,&quot;columns_mobile&quot;:&quot;1&quot;}\" data-widget_type=\"aux_recent_news_grid.default\">\n\t\t\t\t<div class=\"elementor-widget-container\">\n\t\t\t\t\t<section class=\"widget-container aux-widget-recent-news aux-parent-auafc77a1d\" style=\"\" ><div data-element-id=\"auafc77a1d\" class=\"aux-match-height aux-row aux-de-col3 aux-tb-col2 aux-mb-col1 aux-no-meta aux-ajax-view  aux--control\" ><div class=\"aux-col post-705\">\n                        <article class=\"post column-entry post-705 news type-news status-publish has-post-thumbnail hentry news-category-xperience-9000 news-tag-uncategorized\">\n                                                        <div class=\"entry-media\"><div class=\"aux-media-frame aux-media-image aux-image-mask\"><a href=\"https:\/\/eventoswelove.es\/?news=we-love-revolution-alcaudete\"><img decoding=\"async\" width=\"-30\" height=\"-39\" src=\"data:image\/gif;base64,R0lGODlhAQABAIAAAAAAAP\/\/\/yH5BAEAAAAALAAAAAABAAEAAAIBRAA7\" class=\"aux-attachment aux-featured-image attachment--30x-39.9 aux-attachment-id-706  aux-preload aux-blank\" alt=\"WhatsApp Image 2025-11-19 at 14.33.32\" data-ratio=\"0.75\" data-original-w=\"1080\" sizes=\"auto\" data-srcset=\"https:\/\/eventoswelove.es\/wp-content\/uploads\/2025\/11\/WhatsApp-Image-2025-11-19-at-14.33.32-150x200.jpeg 150w,https:\/\/eventoswelove.es\/wp-content\/uploads\/2025\/11\/WhatsApp-Image-2025-11-19-at-14.33.32-300x399.jpeg 300w,https:\/\/eventoswelove.es\/wp-content\/uploads\/2025\/11\/WhatsApp-Image-2025-11-19-at-14.33.32-768x1021.jpeg 768w,https:\/\/eventoswelove.es\/wp-content\/uploads\/2025\/11\/WhatsApp-Image-2025-11-19-at-14.33.32-1024x1362.jpeg 1024w,https:\/\/eventoswelove.es\/wp-content\/uploads\/2025\/11\/WhatsApp-Image-2025-11-19-at-14.33.32.jpeg -30w,https:\/\/eventoswelove.es\/wp-content\/uploads\/2025\/11\/WhatsApp-Image-2025-11-19-at-14.33.32-1070x1423.jpeg 1070w\" data-src=\"https:\/\/eventoswelove.es\/wp-content\/uploads\/2025\/11\/WhatsApp-Image-2025-11-19-at-14.33.32.jpeg\" \/><\/a><\/div><\/div>\n                            \n                            <div class=\"entry-main\">\n                                                        \n                                <header class=\"entry-header\">\n                                \n                                    <h4 class=\"entry-title\">\n                                        <a href=\"https:\/\/eventoswelove.es\/?news=we-love-revolution-alcaudete\">\n                                            We Love REVOLUTION Alcaudete                                        <\/a>\n                                    <\/h4>\n                                                                    <div class=\"entry-format\">\n                                        <a href=\"https:\/\/eventoswelove.es\/?news=we-love-revolution-alcaudete\">\n                                            <div class=\"post-format format-\"> <\/div>\n                                        <\/a>\n                                    <\/div>\n                                <\/header>\n                            \n                                                        \n                            <\/div>\n\n                        <\/article>\n<\/div><\/div><\/section><!-- widget-container -->\t\t\t\t<\/div>\n\t\t\t\t<\/div>\n\t\t\t\t<\/div>\n\t\t\t\t\t<\/div>\n\t\t\t\t<\/div>\n\t\t\t\t<\/div>\n\t\t","protected":false},"excerpt":{"rendered":"<p>Home We Love XPERIENCE 90&amp;00 la fiesta que revive la adolescencia Una nueva forma de disfrutar los shows musicales, vitalidad y creatividad en estado puro.La fusi\u00f3n musical y art\u00edstica da como resultado un espect\u00e1culo \u00fanico. Un show que mezcla Pop, Indie, Rock, House, electr\u00f3nica, donde nuestro p\u00fablico se transportar\u00e1 a las mejores \u00e9pocas musicales. M\u00fasicos, [&hellip;]<\/p>\n","protected":false},"author":1,"featured_media":0,"parent":0,"menu_order":0,"comment_status":"closed","ping_status":"closed","template":"templates\/page-builder-content.php","meta":{"footnotes":""},"class_list":["post-356","page","type-page","status-publish","hentry"],"_links":{"self":[{"href":"https:\/\/eventoswelove.es\/index.php?rest_route=\/wp\/v2\/pages\/356","targetHints":{"allow":["GET"]}}],"collection":[{"href":"https:\/\/eventoswelove.es\/index.php?rest_route=\/wp\/v2\/pages"}],"about":[{"href":"https:\/\/eventoswelove.es\/index.php?rest_route=\/wp\/v2\/types\/page"}],"author":[{"embeddable":true,"href":"https:\/\/eventoswelove.es\/index.php?rest_route=\/wp\/v2\/users\/1"}],"replies":[{"embeddable":true,"href":"https:\/\/eventoswelove.es\/index.php?rest_route=%2Fwp%2Fv2%2Fcomments&post=356"}],"version-history":[{"count":10,"href":"https:\/\/eventoswelove.es\/index.php?rest_route=\/wp\/v2\/pages\/356\/revisions"}],"predecessor-version":[{"id":566,"href":"https:\/\/eventoswelove.es\/index.php?rest_route=\/wp\/v2\/pages\/356\/revisions\/566"}],"wp:attachment":[{"href":"https:\/\/eventoswelove.es\/index.php?rest_route=%2Fwp%2Fv2%2Fmedia&parent=356"}],"curies":[{"name":"wp","href":"https:\/\/api.w.org\/{rel}","templated":true}]}}