{"id":363,"date":"2025-07-23T20:58:23","date_gmt":"2025-07-23T20:58:23","guid":{"rendered":"https:\/\/eventoswelove.es\/?page_id=363"},"modified":"2025-08-25T11:57:15","modified_gmt":"2025-08-25T11:57:15","slug":"we-love-reggaeton-9000","status":"publish","type":"page","link":"https:\/\/eventoswelove.es\/?page_id=363","title":{"rendered":"We Love Reggaet\u00f3n 90&#038;00"},"content":{"rendered":"\t\t<div data-elementor-type=\"wp-page\" data-elementor-id=\"363\" class=\"elementor elementor-363\" data-elementor-post-type=\"page\">\n\t\t\t\t<div class=\"aux-parallax-section elementor-element elementor-element-305dbfb e-flex e-con-boxed e-con e-parent\" data-id=\"305dbfb\" data-element_type=\"container\" data-settings=\"{&quot;background_background&quot;:&quot;classic&quot;}\">\n\t\t\t\t\t<div class=\"e-con-inner\">\n\t\t<div class=\"elementor-element elementor-element-3857297 e-con-full e-flex e-con e-child\" data-id=\"3857297\" data-element_type=\"container\">\n\t\t\t\t<div class=\"elementor-element elementor-element-6c9278c aux-appear-watch-animation aux-fade-in-up elementor-widget elementor-widget-aux_breadcrumbs\" data-id=\"6c9278c\" data-element_type=\"widget\" data-widget_type=\"aux_breadcrumbs.default\">\n\t\t\t\t<div class=\"elementor-widget-container\">\n\t\t\t\t\t<div class=\"aux-elementor-breadcrumbs\"><p class=\"aux-breadcrumbs\"><span><a href=\"https:\/\/eventoswelove.es\" title=\"Home\">Home<\/a><\/span><\/div>\t\t\t\t<\/div>\n\t\t\t\t<\/div>\n\t\t\t\t<div class=\"elementor-element elementor-element-bd6490d elementor-widget elementor-widget-aux_modern_heading\" data-id=\"bd6490d\" data-element_type=\"widget\" data-widget_type=\"aux_modern_heading.default\">\n\t\t\t\t<div class=\"elementor-widget-container\">\n\t\t\t\t\t<section class=\"aux-widget-modern-heading\">\n            <div class=\"aux-widget-inner\"><h2 class=\"aux-modern-heading-primary\"><img decoding=\"async\" src=\"https:\/\/eventoswelove.es\/wp-content\/uploads\/2025\/07\/IMG-20250721-WA0004.png\" width=\"100\" height=\"100\" alt=\"Logo la Fiesta\"> We Love Reggaet\u00f3n 90&amp;00 <\/h2><h3 class=\"aux-modern-heading-secondary\"><span class=\"aux-head-highlight\"> revive la \u00e9poca dorada del reggaet\u00f3n<\/span><\/h3><div class=\"aux-modern-heading-divider\"><\/div><div class=\"aux-modern-heading-description\"><p style=\"text-align: left\"><strong>We Love Reggaet\u00f3n 90&amp;00<\/strong>, un festival \u00fanico que celebra la m\u00fasica reggaet\u00f3n. Este evento se enfoca en revivir los \u00e9xitos que marcaron una \u00e9poca y fueron populares a finales de la d\u00e9cada de los 90 y principios de los 2000.<\/p><p style=\"text-align: left\">El festival contar\u00e1 con la participaci\u00f3n de los dobles oficiales de reconocidos artistas como Maluma, Shakira, Nicky Jam, Romeo Santos, Karol G, Bad Bunny y\u00a0 Jennifer L\u00f3pez. Adem\u00e1s, las actuaciones de los DJs residentes Aure Cano, Alba Dreid y Zucla \"La Jefa del Perreo\" ofrecer\u00e1n una experiencia nost\u00e1lgica e inolvidable para todos los fan\u00e1ticos del g\u00e9nero.<\/p><p style=\"text-align: left\"><strong>We Love Reggaet\u00f3n 90&amp;00<\/strong>\u00a0es un festival de m\u00fasica que te har\u00e1 revivir la esencia del reggaet\u00f3n desde sus inicios, creando un ambiente nost\u00e1lgico y vibrante para todos los asistentes.<\/p><\/div><\/div>\n        <\/section>\t\t\t\t<\/div>\n\t\t\t\t<\/div>\n\t\t\t\t<\/div>\n\t\t\t\t\t<\/div>\n\t\t\t\t<\/div>\n\t\t<div class=\"aux-parallax-section elementor-element elementor-element-73559f6 e-grid e-con-boxed e-con e-parent\" data-id=\"73559f6\" data-element_type=\"container\">\n\t\t\t\t\t<div class=\"e-con-inner\">\n\t\t\t\t<div class=\"elementor-element elementor-element-8e06d3b elementor-widget elementor-widget-video\" data-id=\"8e06d3b\" data-element_type=\"widget\" data-settings=\"{&quot;video_type&quot;:&quot;hosted&quot;,&quot;controls&quot;:&quot;yes&quot;}\" data-widget_type=\"video.default\">\n\t\t\t\t<div class=\"elementor-widget-container\">\n\t\t\t\t\t\t\t<div class=\"e-hosted-video elementor-wrapper elementor-open-inline\">\n\t\t\t\t\t<video class=\"elementor-video\" src=\"https:\/\/eventoswelove.es\/wp-content\/uploads\/2025\/07\/WhatsApp-Video-2025-07-23-at-23.39.50.mp4\" controls=\"\" preload=\"metadata\" controlsList=\"nodownload\"><\/video>\n\t\t\t\t<\/div>\n\t\t\t\t\t\t<\/div>\n\t\t\t\t<\/div>\n\t\t\t\t<div class=\"elementor-element elementor-element-42946a6 elementor-widget elementor-widget-video\" data-id=\"42946a6\" data-element_type=\"widget\" data-settings=\"{&quot;video_type&quot;:&quot;hosted&quot;,&quot;controls&quot;:&quot;yes&quot;}\" data-widget_type=\"video.default\">\n\t\t\t\t<div class=\"elementor-widget-container\">\n\t\t\t\t\t\t\t<div class=\"e-hosted-video elementor-wrapper elementor-open-inline\">\n\t\t\t\t\t<video class=\"elementor-video\" src=\"https:\/\/eventoswelove.es\/wp-content\/uploads\/2025\/08\/weloveregeton.mp4\" controls=\"\" preload=\"metadata\" controlsList=\"nodownload\"><\/video>\n\t\t\t\t<\/div>\n\t\t\t\t\t\t<\/div>\n\t\t\t\t<\/div>\n\t\t\t\t\t<\/div>\n\t\t\t\t<\/div>\n\t\t\t\t<\/div>\n\t\t","protected":false},"excerpt":{"rendered":"<p>Home We Love Reggaet\u00f3n 90&amp;00 revive la \u00e9poca dorada del reggaet\u00f3n We Love Reggaet\u00f3n 90&amp;00, un festival \u00fanico que celebra la m\u00fasica reggaet\u00f3n. Este evento se enfoca en revivir los \u00e9xitos que marcaron una \u00e9poca y fueron populares a finales de la d\u00e9cada de los 90 y principios de los 2000. El festival contar\u00e1 con [&hellip;]<\/p>\n","protected":false},"author":1,"featured_media":0,"parent":0,"menu_order":0,"comment_status":"closed","ping_status":"closed","template":"templates\/page-builder-content.php","meta":{"footnotes":""},"class_list":["post-363","page","type-page","status-publish","hentry"],"_links":{"self":[{"href":"https:\/\/eventoswelove.es\/index.php?rest_route=\/wp\/v2\/pages\/363","targetHints":{"allow":["GET"]}}],"collection":[{"href":"https:\/\/eventoswelove.es\/index.php?rest_route=\/wp\/v2\/pages"}],"about":[{"href":"https:\/\/eventoswelove.es\/index.php?rest_route=\/wp\/v2\/types\/page"}],"author":[{"embeddable":true,"href":"https:\/\/eventoswelove.es\/index.php?rest_route=\/wp\/v2\/users\/1"}],"replies":[{"embeddable":true,"href":"https:\/\/eventoswelove.es\/index.php?rest_route=%2Fwp%2Fv2%2Fcomments&post=363"}],"version-history":[{"count":22,"href":"https:\/\/eventoswelove.es\/index.php?rest_route=\/wp\/v2\/pages\/363\/revisions"}],"predecessor-version":[{"id":647,"href":"https:\/\/eventoswelove.es\/index.php?rest_route=\/wp\/v2\/pages\/363\/revisions\/647"}],"wp:attachment":[{"href":"https:\/\/eventoswelove.es\/index.php?rest_route=%2Fwp%2Fv2%2Fmedia&parent=363"}],"curies":[{"name":"wp","href":"https:\/\/api.w.org\/{rel}","templated":true}]}}