{"id":401,"date":"2025-07-24T07:09:05","date_gmt":"2025-07-24T07:09:05","guid":{"rendered":"https:\/\/eventoswelove.es\/?page_id=401"},"modified":"2025-11-29T16:36:41","modified_gmt":"2025-11-29T16:36:41","slug":"we-love-reggaeton-9000-2","status":"publish","type":"page","link":"https:\/\/eventoswelove.es\/?page_id=401","title":{"rendered":"We Love 80&amp;90 El Musical"},"content":{"rendered":"\t\t<div data-elementor-type=\"wp-page\" data-elementor-id=\"401\" class=\"elementor elementor-401\" data-elementor-post-type=\"page\">\n\t\t\t\t<div class=\"aux-parallax-section elementor-element elementor-element-305dbfb e-flex e-con-boxed e-con e-parent\" data-id=\"305dbfb\" data-element_type=\"container\" data-settings=\"{&quot;background_background&quot;:&quot;classic&quot;}\">\n\t\t\t\t\t<div class=\"e-con-inner\">\n\t\t<div class=\"elementor-element elementor-element-3857297 e-con-full e-flex e-con e-child\" data-id=\"3857297\" data-element_type=\"container\">\n\t\t\t\t<div class=\"elementor-element elementor-element-6c9278c aux-appear-watch-animation aux-fade-in-up elementor-widget elementor-widget-aux_breadcrumbs\" data-id=\"6c9278c\" data-element_type=\"widget\" data-widget_type=\"aux_breadcrumbs.default\">\n\t\t\t\t<div class=\"elementor-widget-container\">\n\t\t\t\t\t<div class=\"aux-elementor-breadcrumbs\"><p class=\"aux-breadcrumbs\"><span><a href=\"https:\/\/eventoswelove.es\" title=\"Home\">Home<\/a><\/span><\/div>\t\t\t\t<\/div>\n\t\t\t\t<\/div>\n\t\t\t\t<div class=\"elementor-element elementor-element-bd6490d elementor-widget elementor-widget-aux_modern_heading\" data-id=\"bd6490d\" data-element_type=\"widget\" data-widget_type=\"aux_modern_heading.default\">\n\t\t\t\t<div class=\"elementor-widget-container\">\n\t\t\t\t\t<section class=\"aux-widget-modern-heading\">\n            <div class=\"aux-widget-inner\"><h2 class=\"aux-modern-heading-primary\"><img decoding=\"async\" src=\"https:\/\/eventoswelove.es\/wp-content\/uploads\/2025\/07\/elmusical.png\" width=\"100\" height=\"100\" alt=\"Logo la Fiesta\"> We Love 80&amp;90 El Musical<\/h2><h3 class=\"aux-modern-heading-secondary\"><span class=\"aux-head-highlight\">\u00bfTe imaginas volver a los a\u00f1os 80 por un d\u00eda?<\/span><\/h3><div class=\"aux-modern-heading-divider\"><\/div><div class=\"aux-modern-heading-description\"><p style=\"text-align: left\">\u00bfRecuerdas aquel garito donde te reun\u00edas con tu pandilla?<br \/>Las risas, las an\u00e9cdotas... y, sobre todo, la m\u00fasica que marc\u00f3 aquellas noches interminables.<br \/>Ahora imagina reencontrarte con esos amigos, veinte a\u00f1os despu\u00e9s, en el mismo lugar donde todo comenz\u00f3: el We Love.<\/p><p style=\"text-align: left\">Un giro del destino los re\u00fane en este lugar m\u00edtico, y juntos descubren que, a pesar del tiempo y los caminos separados, la amistad sigue intacta.<br \/>Entre recuerdos, canciones y emociones, reviven viejas pasiones, cierran historias pendientes y redescubren lo que realmente importa.<\/p><p style=\"text-align: left\">Una comedia fresca y emocionante, con coreograf\u00edas vibrantes y grandes himnos de los 80, que nos recuerda c\u00f3mo la m\u00fasica puede unir corazones y sanar heridas.<\/p><p style=\"text-align: left\">Prep\u00e1rate para re\u00edr, bailar, emocionarte y cantar a todo pulm\u00f3n en esta inolvidable experiencia llamada We Love.<\/p><\/div><\/div>\n        <\/section>\t\t\t\t<\/div>\n\t\t\t\t<\/div>\n\t\t\t\t<div class=\"elementor-element elementor-element-256b5d8 aux-appear-watch-animation aux-fade-in-up elementor-hidden-desktop elementor-hidden-tablet elementor-hidden-mobile elementor-widget elementor-widget-aux_recent_news_grid\" data-id=\"256b5d8\" data-element_type=\"widget\" data-settings=\"{&quot;columns&quot;:&quot;3&quot;,&quot;columns_tablet&quot;:&quot;2&quot;,&quot;columns_mobile&quot;:&quot;1&quot;}\" data-widget_type=\"aux_recent_news_grid.default\">\n\t\t\t\t<div class=\"elementor-widget-container\">\n\t\t\t\t\t<section class=\"widget-container aux-widget-recent-news aux-parent-aud6d2c71b\" style=\"\" ><div data-element-id=\"aud6d2c71b\" class=\"aux-match-height aux-row aux-de-col3 aux-tb-col2 aux-mb-col1 aux-no-meta aux-ajax-view  aux--control\" ><div class=\"aux-col post-672\">\n                        <article class=\"post column-entry post-672 news type-news status-publish has-post-thumbnail hentry news-category-la-fiesta news-tag-uncategorized\">\n                                                        <div class=\"entry-media\"><div class=\"aux-media-frame aux-media-image aux-image-mask\"><a href=\"https:\/\/eventoswelove.es\/?news=granada-10-20-de-diciembre\"><img decoding=\"async\" width=\"-30\" height=\"-39\" src=\"data:image\/gif;base64,R0lGODlhAQABAIAAAAAAAP\/\/\/yH5BAEAAAAALAAAAAABAAEAAAIBRAA7\" class=\"aux-attachment aux-featured-image attachment--30x-39.9 aux-attachment-id-697  aux-preload aux-blank\" alt=\"granada-10-flyer20dic\" data-ratio=\"0.75\" data-original-w=\"500\" sizes=\"auto\" data-srcset=\"https:\/\/eventoswelove.es\/wp-content\/uploads\/2025\/10\/granada-10-flyer20dic-150x200.jpg 150w,https:\/\/eventoswelove.es\/wp-content\/uploads\/2025\/10\/granada-10-flyer20dic-300x399.jpg 300w,https:\/\/eventoswelove.es\/wp-content\/uploads\/2025\/10\/granada-10-flyer20dic.jpg -30w,https:\/\/eventoswelove.es\/wp-content\/uploads\/2025\/10\/granada-10-flyer20dic-490x651.jpg 490w\" data-src=\"https:\/\/eventoswelove.es\/wp-content\/uploads\/2025\/10\/granada-10-flyer20dic.jpg\" \/><\/a><\/div><\/div>\n                            \n                            <div class=\"entry-main\">\n                                                        \n                                <header class=\"entry-header\">\n                                \n                                    <h4 class=\"entry-title\">\n                                        <a href=\"https:\/\/eventoswelove.es\/?news=granada-10-20-de-diciembre\">\n                                            Granada 10 20 de Diciembre                                        <\/a>\n                                    <\/h4>\n                                                                    <div class=\"entry-format\">\n                                        <a href=\"https:\/\/eventoswelove.es\/?news=granada-10-20-de-diciembre\">\n                                            <div class=\"post-format format-\"> <\/div>\n                                        <\/a>\n                                    <\/div>\n                                <\/header>\n                            \n                                                        \n                            <\/div>\n\n                        <\/article>\n<\/div><div class=\"aux-col post-705\">\n                        <article class=\"post column-entry post-705 news type-news status-publish has-post-thumbnail hentry news-category-xperience-9000 news-tag-uncategorized\">\n                                                        <div class=\"entry-media\"><div class=\"aux-media-frame aux-media-image aux-image-mask\"><a href=\"https:\/\/eventoswelove.es\/?news=we-love-revolution-alcaudete\"><img decoding=\"async\" width=\"-30\" height=\"-39\" src=\"data:image\/gif;base64,R0lGODlhAQABAIAAAAAAAP\/\/\/yH5BAEAAAAALAAAAAABAAEAAAIBRAA7\" class=\"aux-attachment aux-featured-image attachment--30x-39.9 aux-attachment-id-706  aux-preload aux-blank\" alt=\"WhatsApp Image 2025-11-19 at 14.33.32\" data-ratio=\"0.75\" data-original-w=\"1080\" sizes=\"auto\" data-srcset=\"https:\/\/eventoswelove.es\/wp-content\/uploads\/2025\/11\/WhatsApp-Image-2025-11-19-at-14.33.32-150x200.jpeg 150w,https:\/\/eventoswelove.es\/wp-content\/uploads\/2025\/11\/WhatsApp-Image-2025-11-19-at-14.33.32-300x399.jpeg 300w,https:\/\/eventoswelove.es\/wp-content\/uploads\/2025\/11\/WhatsApp-Image-2025-11-19-at-14.33.32-768x1021.jpeg 768w,https:\/\/eventoswelove.es\/wp-content\/uploads\/2025\/11\/WhatsApp-Image-2025-11-19-at-14.33.32-1024x1362.jpeg 1024w,https:\/\/eventoswelove.es\/wp-content\/uploads\/2025\/11\/WhatsApp-Image-2025-11-19-at-14.33.32.jpeg -30w,https:\/\/eventoswelove.es\/wp-content\/uploads\/2025\/11\/WhatsApp-Image-2025-11-19-at-14.33.32-1070x1423.jpeg 1070w\" data-src=\"https:\/\/eventoswelove.es\/wp-content\/uploads\/2025\/11\/WhatsApp-Image-2025-11-19-at-14.33.32.jpeg\" \/><\/a><\/div><\/div>\n                            \n                            <div class=\"entry-main\">\n                                                        \n                                <header class=\"entry-header\">\n                                \n                                    <h4 class=\"entry-title\">\n                                        <a href=\"https:\/\/eventoswelove.es\/?news=we-love-revolution-alcaudete\">\n                                            We Love REVOLUTION Alcaudete                                        <\/a>\n                                    <\/h4>\n                                                                    <div class=\"entry-format\">\n                                        <a href=\"https:\/\/eventoswelove.es\/?news=we-love-revolution-alcaudete\">\n                                            <div class=\"post-format format-\"> <\/div>\n                                        <\/a>\n                                    <\/div>\n                                <\/header>\n                            \n                                                        \n                            <\/div>\n\n                        <\/article>\n<\/div><\/div><\/section><!-- widget-container -->\t\t\t\t<\/div>\n\t\t\t\t<\/div>\n\t\t\t\t<div class=\"elementor-element elementor-element-f984a01 elementor-button-info elementor-align-center elementor-widget elementor-widget-button\" data-id=\"f984a01\" data-element_type=\"widget\" data-widget_type=\"button.default\">\n\t\t\t\t<div class=\"elementor-widget-container\">\n\t\t\t\t\t\t\t\t\t<div class=\"elementor-button-wrapper\">\n\t\t\t\t\t<a class=\"elementor-button elementor-button-link elementor-size-sm\" href=\"https:\/\/eventoswelove.es\/dossier_we_love_el_musical.pdf\" target=\"_blank\" rel=\"nofollow\">\n\t\t\t\t\t\t<span class=\"elementor-button-content-wrapper\">\n\t\t\t\t\t\t<span class=\"elementor-button-icon\">\n\t\t\t\t<i aria-hidden=\"true\" class=\"fas fa-file-pdf\"><\/i>\t\t\t<\/span>\n\t\t\t\t\t\t\t\t\t<span class=\"elementor-button-text\">Descarga el Dossier con toda la Informaci\u00f3n<\/span>\n\t\t\t\t\t<\/span>\n\t\t\t\t\t<\/a>\n\t\t\t\t<\/div>\n\t\t\t\t\t\t\t\t<\/div>\n\t\t\t\t<\/div>\n\t\t\t\t<\/div>\n\t\t\t\t\t<\/div>\n\t\t\t\t<\/div>\n\t\t<div class=\"aux-parallax-section elementor-element elementor-element-d752a9b e-grid e-con-boxed e-con e-parent\" data-id=\"d752a9b\" data-element_type=\"container\">\n\t\t\t\t\t<div class=\"e-con-inner\">\n\t\t\t\t<div class=\"elementor-element elementor-element-7098d71 elementor-widget elementor-widget-image\" data-id=\"7098d71\" data-element_type=\"widget\" data-widget_type=\"image.default\">\n\t\t\t\t<div class=\"elementor-widget-container\">\n\t\t\t\t\t\t\t\t\t\t\t\t\t\t\t<img fetchpriority=\"high\" decoding=\"async\" width=\"1024\" height=\"1024\" src=\"https:\/\/eventoswelove.es\/wp-content\/uploads\/2025\/07\/WhatsApp-Image-2025-07-23-at-18.47.02.jpeg\" class=\"attachment-large size-large wp-image-467\" alt=\"\" srcset=\"https:\/\/eventoswelove.es\/wp-content\/uploads\/2025\/07\/WhatsApp-Image-2025-07-23-at-18.47.02.jpeg 1024w, https:\/\/eventoswelove.es\/wp-content\/uploads\/2025\/07\/WhatsApp-Image-2025-07-23-at-18.47.02-300x300.jpeg 300w, https:\/\/eventoswelove.es\/wp-content\/uploads\/2025\/07\/WhatsApp-Image-2025-07-23-at-18.47.02-150x150.jpeg 150w, https:\/\/eventoswelove.es\/wp-content\/uploads\/2025\/07\/WhatsApp-Image-2025-07-23-at-18.47.02-768x768.jpeg 768w, https:\/\/eventoswelove.es\/wp-content\/uploads\/2025\/07\/WhatsApp-Image-2025-07-23-at-18.47.02-200x200.jpeg 200w, https:\/\/eventoswelove.es\/wp-content\/uploads\/2025\/07\/WhatsApp-Image-2025-07-23-at-18.47.02-96x96.jpeg 96w, https:\/\/eventoswelove.es\/wp-content\/uploads\/2025\/07\/WhatsApp-Image-2025-07-23-at-18.47.02-36x36.jpeg 36w, https:\/\/eventoswelove.es\/wp-content\/uploads\/2025\/07\/WhatsApp-Image-2025-07-23-at-18.47.02-48x48.jpeg 48w\" sizes=\"(max-width: 1024px) 100vw, 1024px\" \/>\t\t\t\t\t\t\t\t\t\t\t\t\t\t\t<\/div>\n\t\t\t\t<\/div>\n\t\t\t\t<div class=\"elementor-element elementor-element-e3b0801 elementor-widget elementor-widget-video\" data-id=\"e3b0801\" data-element_type=\"widget\" data-settings=\"{&quot;youtube_url&quot;:&quot;https:\\\/\\\/youtu.be\\\/w2W4zqJSkns?si=3FRYsHo5AHF5sMf6&quot;,&quot;video_type&quot;:&quot;youtube&quot;,&quot;controls&quot;:&quot;yes&quot;}\" data-widget_type=\"video.default\">\n\t\t\t\t<div class=\"elementor-widget-container\">\n\t\t\t\t\t\t\t<div class=\"elementor-wrapper elementor-open-inline\">\n\t\t\t<div class=\"elementor-video\"><\/div>\t\t<\/div>\n\t\t\t\t\t\t<\/div>\n\t\t\t\t<\/div>\n\t\t\t\t<div class=\"elementor-element elementor-element-ac433d3 elementor-widget elementor-widget-video\" data-id=\"ac433d3\" data-element_type=\"widget\" data-settings=\"{&quot;video_type&quot;:&quot;hosted&quot;,&quot;controls&quot;:&quot;yes&quot;}\" data-widget_type=\"video.default\">\n\t\t\t\t<div class=\"elementor-widget-container\">\n\t\t\t\t\t\t\t<div class=\"e-hosted-video elementor-wrapper elementor-open-inline\">\n\t\t\t\t\t<video class=\"elementor-video\" src=\"https:\/\/eventoswelove.es\/wp-content\/uploads\/2025\/11\/We_love_El_musical.mp4\" controls=\"\" preload=\"metadata\" controlsList=\"nodownload\"><\/video>\n\t\t\t\t<\/div>\n\t\t\t\t\t\t<\/div>\n\t\t\t\t<\/div>\n\t\t\t\t<div class=\"elementor-element elementor-element-0040db4 elementor-widget-divider--view-line elementor-widget elementor-widget-divider\" data-id=\"0040db4\" data-element_type=\"widget\" data-widget_type=\"divider.default\">\n\t\t\t\t<div class=\"elementor-widget-container\">\n\t\t\t\t\t\t\t<div class=\"elementor-divider\">\n\t\t\t<span class=\"elementor-divider-separator\">\n\t\t\t\t\t\t<\/span>\n\t\t<\/div>\n\t\t\t\t\t\t<\/div>\n\t\t\t\t<\/div>\n\t\t\t\t<div class=\"elementor-element elementor-element-5d61da8 elementor-widget elementor-widget-video\" data-id=\"5d61da8\" data-element_type=\"widget\" data-settings=\"{&quot;youtube_url&quot;:&quot;https:\\\/\\\/youtu.be\\\/70sLvuwYkUI?si=QopptEjrk7FYs2vP&quot;,&quot;video_type&quot;:&quot;youtube&quot;,&quot;controls&quot;:&quot;yes&quot;}\" data-widget_type=\"video.default\">\n\t\t\t\t<div class=\"elementor-widget-container\">\n\t\t\t\t\t\t\t<div class=\"elementor-wrapper elementor-open-inline\">\n\t\t\t<div class=\"elementor-video\"><\/div>\t\t<\/div>\n\t\t\t\t\t\t<\/div>\n\t\t\t\t<\/div>\n\t\t\t\t\t<\/div>\n\t\t\t\t<\/div>\n\t\t<div class=\"aux-parallax-section elementor-element elementor-element-83d1490 e-flex e-con-boxed e-con e-parent\" data-id=\"83d1490\" data-element_type=\"container\">\n\t\t\t\t\t<div class=\"e-con-inner\">\n\t\t\t\t\t<\/div>\n\t\t\t\t<\/div>\n\t\t\t\t<\/div>\n\t\t","protected":false},"excerpt":{"rendered":"<p>Home We Love 80&amp;90 El Musical \u00bfTe imaginas volver a los a\u00f1os 80 por un d\u00eda? \u00bfRecuerdas aquel garito donde te reun\u00edas con tu pandilla?Las risas, las an\u00e9cdotas&#8230; y, sobre todo, la m\u00fasica que marc\u00f3 aquellas noches interminables.Ahora imagina reencontrarte con esos amigos, veinte a\u00f1os despu\u00e9s, en el mismo lugar donde todo comenz\u00f3: el We [&hellip;]<\/p>\n","protected":false},"author":1,"featured_media":0,"parent":0,"menu_order":0,"comment_status":"closed","ping_status":"closed","template":"templates\/page-builder-content.php","meta":{"footnotes":""},"class_list":["post-401","page","type-page","status-publish","hentry"],"_links":{"self":[{"href":"https:\/\/eventoswelove.es\/index.php?rest_route=\/wp\/v2\/pages\/401","targetHints":{"allow":["GET"]}}],"collection":[{"href":"https:\/\/eventoswelove.es\/index.php?rest_route=\/wp\/v2\/pages"}],"about":[{"href":"https:\/\/eventoswelove.es\/index.php?rest_route=\/wp\/v2\/types\/page"}],"author":[{"embeddable":true,"href":"https:\/\/eventoswelove.es\/index.php?rest_route=\/wp\/v2\/users\/1"}],"replies":[{"embeddable":true,"href":"https:\/\/eventoswelove.es\/index.php?rest_route=%2Fwp%2Fv2%2Fcomments&post=401"}],"version-history":[{"count":18,"href":"https:\/\/eventoswelove.es\/index.php?rest_route=\/wp\/v2\/pages\/401\/revisions"}],"predecessor-version":[{"id":723,"href":"https:\/\/eventoswelove.es\/index.php?rest_route=\/wp\/v2\/pages\/401\/revisions\/723"}],"wp:attachment":[{"href":"https:\/\/eventoswelove.es\/index.php?rest_route=%2Fwp%2Fv2%2Fmedia&parent=401"}],"curies":[{"name":"wp","href":"https:\/\/api.w.org\/{rel}","templated":true}]}}